{"id":141,"date":"2023-08-22T18:44:01","date_gmt":"2023-08-22T16:44:01","guid":{"rendered":"https:\/\/jean-pascal-vanhove.ovh\/?page_id=141"},"modified":"2023-08-23T17:07:33","modified_gmt":"2023-08-23T15:07:33","slug":"wambrechies-son-histoire-du-xiie-siecle-a-nos-jours","status":"publish","type":"page","link":"https:\/\/jean-pascal-vanhove.ovh\/index.php\/wambrechies-son-histoire-du-xiie-siecle-a-nos-jours\/","title":{"rendered":"Wambrechies. Son histoire du XIIe si\u00e8cle \u00e0 nos jours"},"content":{"rendered":"\n<p>Des premi\u00e8res mentions de la paroisse, au tout d\u00e9but du XII<sup>e<\/sup> si\u00e8cle, jusqu\u2019\u00e0 la ville d\u2019aujourd\u2019hui, comment Wambrechies s\u2019est-elle construite ?<\/p>\n\n\n\n<p>La richesse des archives relatives \u00e0 la commune permet de suivre son histoire sur pr\u00e8s d\u2019un mill\u00e9naire. Les temps f\u00e9odaux constituent les fondations que va venir bousculer la p\u00e9riode r\u00e9volutionnaire.<\/p>\n\n\n\n<p>Au XIX<sup>e<\/sup> si\u00e8cle, tout semble s\u2019acc\u00e9l\u00e9rer. L\u2019\u00e2me rurale est toujours pr\u00e9sente mais, le long de la De\u00fble, les premi\u00e8res industries s\u2019installent. L\u2019activit\u00e9 des distillateurs et des filateurs va marquer durablement une commune qui, avec l\u2019arriv\u00e9e du train puis celle du tramway, entre dans l\u2019\u00e8re moderne.<\/p>\n\n\n\n<p>Le XIX<sup>e<\/sup> si\u00e8cle, c\u2019est aussi un homme, Martel Obert. Mari\u00e9 \u00e0 la fille du dernier seigneur de Wambrechies, il s\u2019identifie \u00e0 sa commune d\u2019adoption et va en modeler le visage. Les d\u00e9cisions qu\u2019il prend durant trente-sept ans en tant que maire et l\u2019usage qu\u2019il fait de la fortune familiale le conduisent \u00e0 doter le village d\u2019une nouvelle \u00e9glise, d\u2019un h\u00f4tel de ville original, d\u2019un hospice, d\u2019\u00e9coles&#8230;<\/p>\n\n\n\n<p>Occup\u00e9e et mutil\u00e9e pendant les deux guerres mondiales, Wambrechies parvient \u00e0 se relever et \u00e0 affirmer, \u00e0 partir de la fin du XX<sup>e<\/sup> si\u00e8cle, son originalit\u00e9 et son identit\u00e9 au sein de la m\u00e9tropole lilloise. Entre ruralit\u00e9 et urbanisation ma\u00eetris\u00e9e, la commune semble trouver un \u00e9quilibre serein.<\/p>\n\n\n\n<p>Cet ouvrage de 256 pages, riche de plus de 300 illustrations, offre pour la premi\u00e8re fois une vision d\u2019ensemble de l\u2019histoire de Wambrechies. Il est le fruit de la collaboration de Jean-Pascal Vanhove, auteur de livres d\u2019histoire r\u00e9gionale, et de Pierre Pennequin, passionn\u00e9 par l\u2019histoire de sa commune.<\/p>\n\n\n\n<p>256 pages, 21 x 29,7 cm, 20 \u20ac. \u00c9dit\u00e9 par la Ville de Wambrechies, en vente en librairie.<\/p>\n\n\n\n<p>PUBLI\u00c9 EN 2017<\/p>\n\n\n<div class=\"wp-block-image\">\n<figure class=\"aligncenter size-large is-resized\"><img loading=\"lazy\" decoding=\"async\" src=\"https:\/\/jean-pascal-vanhove.ovh\/wp-content\/uploads\/2023\/08\/Wambrechies-1-724x1024.jpg\" alt=\"\" class=\"wp-image-142\" style=\"width:324px;height:458px\" width=\"324\" height=\"458\" srcset=\"https:\/\/jean-pascal-vanhove.ovh\/wp-content\/uploads\/2023\/08\/Wambrechies-1-724x1024.jpg 724w, https:\/\/jean-pascal-vanhove.ovh\/wp-content\/uploads\/2023\/08\/Wambrechies-1-212x300.jpg 212w, https:\/\/jean-pascal-vanhove.ovh\/wp-content\/uploads\/2023\/08\/Wambrechies-1-768x1086.jpg 768w, https:\/\/jean-pascal-vanhove.ovh\/wp-content\/uploads\/2023\/08\/Wambrechies-1-1086x1536.jpg 1086w, https:\/\/jean-pascal-vanhove.ovh\/wp-content\/uploads\/2023\/08\/Wambrechies-1.jpg 1240w\" sizes=\"auto, (max-width: 324px) 100vw, 324px\" \/><\/figure>\n<\/div>","protected":false},"excerpt":{"rendered":"<p>Des premi\u00e8res mentions de la paroisse, au tout d\u00e9but du XIIe si\u00e8cle, jusqu\u2019\u00e0 la ville d\u2019aujourd\u2019hui, comment Wambrechies s\u2019est-elle construite ? La richesse des archives relatives \u00e0 la commune permet de suivre son histoire sur pr\u00e8s d\u2019un mill\u00e9naire. Les temps f\u00e9odaux constituent les fondations que va venir bousculer la p\u00e9riode r\u00e9volutionnaire. Au XIXe si\u00e8cle, tout&hellip;&nbsp;<a href=\"https:\/\/jean-pascal-vanhove.ovh\/index.php\/wambrechies-son-histoire-du-xiie-siecle-a-nos-jours\/\" class=\"\" rel=\"bookmark\">Read More &raquo;<span class=\"screen-reader-text\">Wambrechies. Son histoire du XIIe si\u00e8cle \u00e0 nos jours<\/span><\/a><\/p>\n","protected":false},"author":1,"featured_media":0,"parent":0,"menu_order":0,"comment_status":"closed","ping_status":"closed","template":"","meta":{"neve_meta_sidebar":"","neve_meta_container":"","neve_meta_enable_content_width":"","neve_meta_content_width":0,"neve_meta_title_alignment":"","neve_meta_author_avatar":"","neve_post_elements_order":"","neve_meta_disable_header":"","neve_meta_disable_footer":"","neve_meta_disable_title":"","footnotes":""},"class_list":["post-141","page","type-page","status-publish","hentry"],"_links":{"self":[{"href":"https:\/\/jean-pascal-vanhove.ovh\/index.php\/wp-json\/wp\/v2\/pages\/141","targetHints":{"allow":["GET"]}}],"collection":[{"href":"https:\/\/jean-pascal-vanhove.ovh\/index.php\/wp-json\/wp\/v2\/pages"}],"about":[{"href":"https:\/\/jean-pascal-vanhove.ovh\/index.php\/wp-json\/wp\/v2\/types\/page"}],"author":[{"embeddable":true,"href":"https:\/\/jean-pascal-vanhove.ovh\/index.php\/wp-json\/wp\/v2\/users\/1"}],"replies":[{"embeddable":true,"href":"https:\/\/jean-pascal-vanhove.ovh\/index.php\/wp-json\/wp\/v2\/comments?post=141"}],"version-history":[{"count":5,"href":"https:\/\/jean-pascal-vanhove.ovh\/index.php\/wp-json\/wp\/v2\/pages\/141\/revisions"}],"predecessor-version":[{"id":327,"href":"https:\/\/jean-pascal-vanhove.ovh\/index.php\/wp-json\/wp\/v2\/pages\/141\/revisions\/327"}],"wp:attachment":[{"href":"https:\/\/jean-pascal-vanhove.ovh\/index.php\/wp-json\/wp\/v2\/media?parent=141"}],"curies":[{"name":"wp","href":"https:\/\/api.w.org\/{rel}","templated":true}]}}