{"id":146,"date":"2023-08-22T18:49:31","date_gmt":"2023-08-22T16:49:31","guid":{"rendered":"https:\/\/jean-pascal-vanhove.ovh\/?page_id=146"},"modified":"2023-08-24T18:09:45","modified_gmt":"2023-08-24T16:09:45","slug":"hazebrouck-1939-1945","status":"publish","type":"page","link":"https:\/\/jean-pascal-vanhove.ovh\/index.php\/hazebrouck-1939-1945\/","title":{"rendered":"Hazebrouck 1939-1945"},"content":{"rendered":"\n<p>Meurtrie par le premier conflit mondial, la ville d\u2019Hazebrouck se retrouve \u00e0 peine vingt ans plus tard occup\u00e9e, bombard\u00e9e, mutil\u00e9e.<\/p>\n\n\n\n<p>Ce livre retrace les \u00e9v\u00e9nements qui se d\u00e9roulent de l\u2019invasion, en mai 1940, jusqu\u2019\u00e0 la Lib\u00e9ration, en septembre 1944. Il les replace dans leur contexte sur une p\u00e9riode plus longue allant de l\u2019entre-deux-guerres \u00e0 une reconstruction qui s\u2019\u00e9tale sur plusieurs d\u00e9cennies.<\/p>\n\n\n\n<p>160 pages, 18 x 24 cm, 19,90 \u20ac. Marais du Livre \u00c9ditions.<\/p>\n\n\n\n<p>En vente au <a href=\"https:\/\/www.maraisdulivre.fr\/product\/show\/9782914327152\/hazebrouck-19391945\" target=\"_blank\" rel=\"noreferrer noopener\">Marais du Livre<\/a>, libraire-\u00e9diteur \u00e0 Hazebrouck.<\/p>\n\n\n\n<p>PUBLI\u00c9 EN 2019<\/p>\n\n\n<div class=\"wp-block-image\">\n<figure class=\"aligncenter size-large is-resized\"><img loading=\"lazy\" decoding=\"async\" src=\"https:\/\/jean-pascal-vanhove.ovh\/wp-content\/uploads\/2023\/08\/Hazebrouck-1939-1945-2-717x1024.jpg\" alt=\"\" class=\"wp-image-284\" style=\"width:360px;height:514px\" width=\"360\" height=\"514\" srcset=\"https:\/\/jean-pascal-vanhove.ovh\/wp-content\/uploads\/2023\/08\/Hazebrouck-1939-1945-2-717x1024.jpg 717w, https:\/\/jean-pascal-vanhove.ovh\/wp-content\/uploads\/2023\/08\/Hazebrouck-1939-1945-2-210x300.jpg 210w, https:\/\/jean-pascal-vanhove.ovh\/wp-content\/uploads\/2023\/08\/Hazebrouck-1939-1945-2-768x1098.jpg 768w, https:\/\/jean-pascal-vanhove.ovh\/wp-content\/uploads\/2023\/08\/Hazebrouck-1939-1945-2-1075x1536.jpg 1075w, https:\/\/jean-pascal-vanhove.ovh\/wp-content\/uploads\/2023\/08\/Hazebrouck-1939-1945-2-1433x2048.jpg 1433w, https:\/\/jean-pascal-vanhove.ovh\/wp-content\/uploads\/2023\/08\/Hazebrouck-1939-1945-2-scaled.jpg 1791w\" sizes=\"auto, (max-width: 360px) 100vw, 360px\" \/><\/figure>\n<\/div>","protected":false},"excerpt":{"rendered":"<p>Meurtrie par le premier conflit mondial, la ville d\u2019Hazebrouck se retrouve \u00e0 peine vingt ans plus tard occup\u00e9e, bombard\u00e9e, mutil\u00e9e. Ce livre retrace les \u00e9v\u00e9nements qui se d\u00e9roulent de l\u2019invasion, en mai 1940, jusqu\u2019\u00e0 la Lib\u00e9ration, en septembre 1944. Il les replace dans leur contexte sur une p\u00e9riode plus longue allant de l\u2019entre-deux-guerres \u00e0 une&hellip;&nbsp;<a href=\"https:\/\/jean-pascal-vanhove.ovh\/index.php\/hazebrouck-1939-1945\/\" class=\"\" rel=\"bookmark\">Read More &raquo;<span class=\"screen-reader-text\">Hazebrouck 1939-1945<\/span><\/a><\/p>\n","protected":false},"author":1,"featured_media":0,"parent":0,"menu_order":0,"comment_status":"closed","ping_status":"closed","template":"","meta":{"neve_meta_sidebar":"","neve_meta_container":"","neve_meta_enable_content_width":"","neve_meta_content_width":0,"neve_meta_title_alignment":"","neve_meta_author_avatar":"","neve_post_elements_order":"","neve_meta_disable_header":"","neve_meta_disable_footer":"","neve_meta_disable_title":"","footnotes":""},"class_list":["post-146","page","type-page","status-publish","hentry"],"_links":{"self":[{"href":"https:\/\/jean-pascal-vanhove.ovh\/index.php\/wp-json\/wp\/v2\/pages\/146","targetHints":{"allow":["GET"]}}],"collection":[{"href":"https:\/\/jean-pascal-vanhove.ovh\/index.php\/wp-json\/wp\/v2\/pages"}],"about":[{"href":"https:\/\/jean-pascal-vanhove.ovh\/index.php\/wp-json\/wp\/v2\/types\/page"}],"author":[{"embeddable":true,"href":"https:\/\/jean-pascal-vanhove.ovh\/index.php\/wp-json\/wp\/v2\/users\/1"}],"replies":[{"embeddable":true,"href":"https:\/\/jean-pascal-vanhove.ovh\/index.php\/wp-json\/wp\/v2\/comments?post=146"}],"version-history":[{"count":6,"href":"https:\/\/jean-pascal-vanhove.ovh\/index.php\/wp-json\/wp\/v2\/pages\/146\/revisions"}],"predecessor-version":[{"id":389,"href":"https:\/\/jean-pascal-vanhove.ovh\/index.php\/wp-json\/wp\/v2\/pages\/146\/revisions\/389"}],"wp:attachment":[{"href":"https:\/\/jean-pascal-vanhove.ovh\/index.php\/wp-json\/wp\/v2\/media?parent=146"}],"curies":[{"name":"wp","href":"https:\/\/api.w.org\/{rel}","templated":true}]}}