{"id":149,"date":"2023-08-22T18:52:31","date_gmt":"2023-08-22T16:52:31","guid":{"rendered":"https:\/\/jean-pascal-vanhove.ovh\/?page_id=149"},"modified":"2023-08-23T17:03:51","modified_gmt":"2023-08-23T15:03:51","slug":"labbe-lemire","status":"publish","type":"page","link":"https:\/\/jean-pascal-vanhove.ovh\/index.php\/labbe-lemire\/","title":{"rendered":"L&#8217;Abb\u00e9 Lemire"},"content":{"rendered":"\n<p>L\u2019abb\u00e9 Jules Lemire (1893-1928) reste dans la m\u00e9moire collective comme le cr\u00e9ateur de l\u2019\u0153uvre des jardins ouvriers en France. C\u2019est oublier le r\u00f4le original jou\u00e9 par ce pr\u00eatre dans la vie politique de la Troisi\u00e8me R\u00e9publique. D\u00e9put\u00e9 durant trente-cinq ans, cet abb\u00e9 d\u00e9mocrate aux id\u00e9es sociales a constamment cherch\u00e9 \u00e0 apaiser les relations entre l\u2019\u00c9glise et la soci\u00e9t\u00e9 moderne. Unir plut\u00f4t que diviser, respecter la R\u00e9publique au lieu de la combattre : une position souvent difficile \u00e0 tenir, qui suscitera une incompr\u00e9hension permanente entre ce d\u00e9put\u00e9 hors norme et les autorit\u00e9s eccl\u00e9siastiques.<\/p>\n\n\n\n<p>L\u2019abb\u00e9 Lemire, fils de paysans de Flandre fran\u00e7aise, a aussi \u00e9t\u00e9 maire d\u2019Hazebrouck, un chef-lieu d\u2019arrondissement qu\u2019il a eu \u00e0 administrer durant la Premi\u00e8re Guerre mondiale et dont il a dirig\u00e9 la reconstruction.<\/p>\n\n\n\n<p>Pr\u00e8s d\u2019un si\u00e8cle apr\u00e8s sa mort, l\u2019abb\u00e9 Jules Lemire est une figure qui continue \u00e0 \u00e9tonner par la force de son parcours et de ses id\u00e9es. Une vie intense qu\u2019il convenait de retracer avec clart\u00e9 et objectivit\u00e9.<\/p>\n\n\n\n<p>374 pages + cahier d\u2019illustrations de 24 pages, 13,5 x 22 cm, 22 \u20ac.<\/p>\n\n\n\n<p>Pr\u00e9face de Martin Hirsch, ancien pr\u00e9sident d\u2019Emma\u00fcs France.<\/p>\n\n\n\n<p>Disponible en librairie ou aupr\u00e8s du&nbsp;<a rel=\"noreferrer noopener\" href=\"http:\/\/maraisdulivre.fr\/livres\/vanhove-jean-pascal-l-et-039abbe-lemire-9782914327114-v.html\" target=\"_blank\">Marais du Livre<\/a>, libraire-\u00e9diteur \u00e0 Hazebrouck.<\/p>\n\n\n\n<p>PUBLI\u00c9 EN 2013<\/p>\n\n\n<div class=\"wp-block-image\">\n<figure class=\"aligncenter size-large\"><img loading=\"lazy\" decoding=\"async\" width=\"622\" height=\"1024\" src=\"https:\/\/jean-pascal-vanhove.ovh\/wp-content\/uploads\/2023\/08\/Abbe-Lemire-2-622x1024.jpg\" alt=\"\" class=\"wp-image-251\" srcset=\"https:\/\/jean-pascal-vanhove.ovh\/wp-content\/uploads\/2023\/08\/Abbe-Lemire-2-622x1024.jpg 622w, https:\/\/jean-pascal-vanhove.ovh\/wp-content\/uploads\/2023\/08\/Abbe-Lemire-2-182x300.jpg 182w, https:\/\/jean-pascal-vanhove.ovh\/wp-content\/uploads\/2023\/08\/Abbe-Lemire-2-768x1265.jpg 768w, https:\/\/jean-pascal-vanhove.ovh\/wp-content\/uploads\/2023\/08\/Abbe-Lemire-2-932x1536.jpg 932w, https:\/\/jean-pascal-vanhove.ovh\/wp-content\/uploads\/2023\/08\/Abbe-Lemire-2-1243x2048.jpg 1243w, https:\/\/jean-pascal-vanhove.ovh\/wp-content\/uploads\/2023\/08\/Abbe-Lemire-2.jpg 1554w\" sizes=\"auto, (max-width: 622px) 100vw, 622px\" \/><\/figure>\n<\/div>","protected":false},"excerpt":{"rendered":"<p>L\u2019abb\u00e9 Jules Lemire (1893-1928) reste dans la m\u00e9moire collective comme le cr\u00e9ateur de l\u2019\u0153uvre des jardins ouvriers en France. C\u2019est oublier le r\u00f4le original jou\u00e9 par ce pr\u00eatre dans la vie politique de la Troisi\u00e8me R\u00e9publique. D\u00e9put\u00e9 durant trente-cinq ans, cet abb\u00e9 d\u00e9mocrate aux id\u00e9es sociales a constamment cherch\u00e9 \u00e0 apaiser les relations entre l\u2019\u00c9glise&hellip;&nbsp;<a href=\"https:\/\/jean-pascal-vanhove.ovh\/index.php\/labbe-lemire\/\" class=\"\" rel=\"bookmark\">Read More &raquo;<span class=\"screen-reader-text\">L&#8217;Abb\u00e9 Lemire<\/span><\/a><\/p>\n","protected":false},"author":1,"featured_media":0,"parent":0,"menu_order":0,"comment_status":"closed","ping_status":"closed","template":"","meta":{"neve_meta_sidebar":"","neve_meta_container":"","neve_meta_enable_content_width":"","neve_meta_content_width":0,"neve_meta_title_alignment":"","neve_meta_author_avatar":"","neve_post_elements_order":"","neve_meta_disable_header":"","neve_meta_disable_footer":"","neve_meta_disable_title":"","footnotes":""},"class_list":["post-149","page","type-page","status-publish","hentry"],"_links":{"self":[{"href":"https:\/\/jean-pascal-vanhove.ovh\/index.php\/wp-json\/wp\/v2\/pages\/149","targetHints":{"allow":["GET"]}}],"collection":[{"href":"https:\/\/jean-pascal-vanhove.ovh\/index.php\/wp-json\/wp\/v2\/pages"}],"about":[{"href":"https:\/\/jean-pascal-vanhove.ovh\/index.php\/wp-json\/wp\/v2\/types\/page"}],"author":[{"embeddable":true,"href":"https:\/\/jean-pascal-vanhove.ovh\/index.php\/wp-json\/wp\/v2\/users\/1"}],"replies":[{"embeddable":true,"href":"https:\/\/jean-pascal-vanhove.ovh\/index.php\/wp-json\/wp\/v2\/comments?post=149"}],"version-history":[{"count":5,"href":"https:\/\/jean-pascal-vanhove.ovh\/index.php\/wp-json\/wp\/v2\/pages\/149\/revisions"}],"predecessor-version":[{"id":321,"href":"https:\/\/jean-pascal-vanhove.ovh\/index.php\/wp-json\/wp\/v2\/pages\/149\/revisions\/321"}],"wp:attachment":[{"href":"https:\/\/jean-pascal-vanhove.ovh\/index.php\/wp-json\/wp\/v2\/media?parent=149"}],"curies":[{"name":"wp","href":"https:\/\/api.w.org\/{rel}","templated":true}]}}