{"id":174,"date":"2023-08-22T19:10:04","date_gmt":"2023-08-22T17:10:04","guid":{"rendered":"https:\/\/jean-pascal-vanhove.ovh\/?page_id=174"},"modified":"2023-08-23T15:50:50","modified_gmt":"2023-08-23T13:50:50","slug":"la-chapelle-du-voeu-temoin-de-100-ans-dhistoire-de-tourcoing","status":"publish","type":"page","link":"https:\/\/jean-pascal-vanhove.ovh\/index.php\/la-chapelle-du-voeu-temoin-de-100-ans-dhistoire-de-tourcoing\/","title":{"rendered":"La chapelle du V\u0153u, t\u00e9moin de 100 ans d&#8217;histoire de Tourcoing"},"content":{"rendered":"\n<p>Le 30 juin 1916, par la voix du chanoine Jean-Baptiste Leclercq, cur\u00e9-doyen de Saint-Christophe, les catholiques de Tourcoing formaient le v\u0153u d\u2019\u00e9lever une chapelle si leur cit\u00e9 \u00e9tait \u00e9pargn\u00e9e par les destructions de la guerre. Ils promettaient d\u2019y exposer le Saint-Sacrement tous les jours et d\u2019y attacher une communaut\u00e9 de religieuses adorant et priant sans cesse au nom de Tourcoing reconnaissant.<\/p>\n\n\n\n<p>La ville a \u00e9chapp\u00e9 \u00e0 la ruine et, apr\u00e8s l\u2019Armistice, les Tourquennois ont tenu leur promesse. La chapelle du V\u0153u, construite rue Faidherbe, a \u00e9t\u00e9 ouverte le 17 octobre 1922. La congr\u00e9gation des b\u00e9n\u00e9dictines du Saint-Sacrement a occup\u00e9 le monast\u00e8re am\u00e9nag\u00e9 \u00e0 c\u00f4t\u00e9 de la chapelle et a assur\u00e9 l\u2019adoration du Saint-Sacrement jusqu\u2019\u00e0 son d\u00e9part de Tourcoing en 2011.<\/p>\n\n\n\n<p>Petit bijou d\u2019architecture sign\u00e9 Jean-Baptiste et Henri Maillard, la chapelle du V\u0153u demeure, en plein c\u0153ur de la ville, un endroit de pri\u00e8re et d\u2019adoration o\u00f9 se relaient chaque jour des croyants perp\u00e9tuant la promesse faite en 1916.<\/p>\n\n\n\n<p>Le centenaire du V\u0153u de Tourcoing est l\u2019occasion de revenir sur l\u2019histoire d\u2019un lieu qui repr\u00e9sente un pan aussi riche que m\u00e9connu du patrimoine local.<\/p>\n\n\n\n<p>Ce livre de 100 pages, riche de 170 illustrations, est \u00e9dit\u00e9 par les Amis de Tourcoing et du Carillon en collaboration avec la Soci\u00e9t\u00e9 historique de Tourcoing et du pays de Ferrain et l\u2019Association pour Saint-Christophe.<\/p>\n\n\n\n<p>100 pages, 21 x 29,7 cm, 10 \u20ac. En vente en librairie et aupr\u00e8s des associations cit\u00e9es ci-dessus.<\/p>\n\n\n\n<p>PUBLI\u00c9 EN 2016<\/p>\n\n\n\n<figure class=\"wp-block-image size-large\"><img loading=\"lazy\" decoding=\"async\" width=\"724\" height=\"1024\" src=\"https:\/\/jean-pascal-vanhove.ovh\/wp-content\/uploads\/2023\/08\/Tourcoing-Chapelle-du-Voeu-2-724x1024.jpg\" alt=\"\" class=\"wp-image-276\" srcset=\"https:\/\/jean-pascal-vanhove.ovh\/wp-content\/uploads\/2023\/08\/Tourcoing-Chapelle-du-Voeu-2-724x1024.jpg 724w, https:\/\/jean-pascal-vanhove.ovh\/wp-content\/uploads\/2023\/08\/Tourcoing-Chapelle-du-Voeu-2-212x300.jpg 212w, https:\/\/jean-pascal-vanhove.ovh\/wp-content\/uploads\/2023\/08\/Tourcoing-Chapelle-du-Voeu-2-768x1086.jpg 768w, https:\/\/jean-pascal-vanhove.ovh\/wp-content\/uploads\/2023\/08\/Tourcoing-Chapelle-du-Voeu-2.jpg 800w\" sizes=\"auto, (max-width: 724px) 100vw, 724px\" \/><\/figure>\n","protected":false},"excerpt":{"rendered":"<p>Le 30 juin 1916, par la voix du chanoine Jean-Baptiste Leclercq, cur\u00e9-doyen de Saint-Christophe, les catholiques de Tourcoing formaient le v\u0153u d\u2019\u00e9lever une chapelle si leur cit\u00e9 \u00e9tait \u00e9pargn\u00e9e par les destructions de la guerre. Ils promettaient d\u2019y exposer le Saint-Sacrement tous les jours et d\u2019y attacher une communaut\u00e9 de religieuses adorant et priant sans&hellip;&nbsp;<a href=\"https:\/\/jean-pascal-vanhove.ovh\/index.php\/la-chapelle-du-voeu-temoin-de-100-ans-dhistoire-de-tourcoing\/\" class=\"\" rel=\"bookmark\">Read More &raquo;<span class=\"screen-reader-text\">La chapelle du V\u0153u, t\u00e9moin de 100 ans d&#8217;histoire de Tourcoing<\/span><\/a><\/p>\n","protected":false},"author":1,"featured_media":0,"parent":0,"menu_order":0,"comment_status":"closed","ping_status":"closed","template":"","meta":{"neve_meta_sidebar":"","neve_meta_container":"","neve_meta_enable_content_width":"","neve_meta_content_width":0,"neve_meta_title_alignment":"","neve_meta_author_avatar":"","neve_post_elements_order":"","neve_meta_disable_header":"","neve_meta_disable_footer":"","neve_meta_disable_title":"","footnotes":""},"class_list":["post-174","page","type-page","status-publish","hentry"],"_links":{"self":[{"href":"https:\/\/jean-pascal-vanhove.ovh\/index.php\/wp-json\/wp\/v2\/pages\/174","targetHints":{"allow":["GET"]}}],"collection":[{"href":"https:\/\/jean-pascal-vanhove.ovh\/index.php\/wp-json\/wp\/v2\/pages"}],"about":[{"href":"https:\/\/jean-pascal-vanhove.ovh\/index.php\/wp-json\/wp\/v2\/types\/page"}],"author":[{"embeddable":true,"href":"https:\/\/jean-pascal-vanhove.ovh\/index.php\/wp-json\/wp\/v2\/users\/1"}],"replies":[{"embeddable":true,"href":"https:\/\/jean-pascal-vanhove.ovh\/index.php\/wp-json\/wp\/v2\/comments?post=174"}],"version-history":[{"count":2,"href":"https:\/\/jean-pascal-vanhove.ovh\/index.php\/wp-json\/wp\/v2\/pages\/174\/revisions"}],"predecessor-version":[{"id":277,"href":"https:\/\/jean-pascal-vanhove.ovh\/index.php\/wp-json\/wp\/v2\/pages\/174\/revisions\/277"}],"wp:attachment":[{"href":"https:\/\/jean-pascal-vanhove.ovh\/index.php\/wp-json\/wp\/v2\/media?parent=174"}],"curies":[{"name":"wp","href":"https:\/\/api.w.org\/{rel}","templated":true}]}}