{"id":193,"date":"2023-08-22T19:13:40","date_gmt":"2023-08-22T17:13:40","guid":{"rendered":"https:\/\/jean-pascal-vanhove.ovh\/?page_id=193"},"modified":"2023-08-24T18:11:19","modified_gmt":"2023-08-24T16:11:19","slug":"abbe-jules-lemire-cahiers-1893-1928","status":"publish","type":"page","link":"https:\/\/jean-pascal-vanhove.ovh\/index.php\/abbe-jules-lemire-cahiers-1893-1928\/","title":{"rendered":"Abb\u00e9 Jules Lemire. Cahiers 1893-1928"},"content":{"rendered":"\n<p>L\u2019abb\u00e9 Jules Lemire (1853-1928) est l\u2019une des figures politiques les plus originales de la Troisi\u00e8me R\u00e9publique. D\u00e9put\u00e9 du Nord de 1893 \u00e0 1928, maire d\u2019Hazebrouck de 1914 \u00e0 1928, ce pr\u00eatre d\u00e9mocrate fermement attach\u00e9 \u00e0 l\u2019id\u00e9e r\u00e9publicaine a \u0153uvr\u00e9 toute sa vie pour am\u00e9liorer la vie de la soci\u00e9t\u00e9 fran\u00e7aise. Ses id\u00e9es, toujours constructives, ont souvent d\u00e9rang\u00e9 avant que leur justesse soit reconnue.<\/p>\n\n\n\n<p>Le journal intime tenu par l\u2019abb\u00e9 Lemire pour la p\u00e9riode 1893-1928 est une chronique passionnante de la vie contemporaine en m\u00eame temps qu\u2019une source fondamentale permettant de mieux comprendre l\u2019homme, l\u2019\u00e9lu, le pr\u00eatre. Ces cahiers manuscrits, connus jusqu\u2019\u00e0 pr\u00e9sent de quelques chercheurs, sont publi\u00e9s pour la premi\u00e8re fois, \u00e0 l\u2019initiative de l\u2019association M\u00e9moire de l\u2019abb\u00e9 Lemire, dans une \u00e9dition \u00e9tablie et annot\u00e9e par Jean-Pierre Delannoy et Jean-Pascal Vanhove.<\/p>\n\n\n\n<p>Deux volumes de 1 000 pages chacun, couverture rigide, 17 x 24 cm, 45 \u20ac l\u2019ensemble.<\/p>\n\n\n\n<p>Disponible aupr\u00e8s de l\u2019association M\u00e9moire de l\u2019abb\u00e9 Lemire (<a href=\"mailto:memoire.abbe.lemire@wanadoo.fr\"><\/a><a href=\"mailto:memoire.abbelemire@gmail.com\">memoire.abbelemire@gmail.com<\/a>) et au <a href=\"https:\/\/www.maraisdulivre.fr\/product\/show\/9782952829014\/cahiers-18931928-vol-1-et-2\" target=\"_blank\" rel=\"noreferrer noopener\">Marais du Livre<\/a> \u00e0 Hazebrouck.<\/p>\n\n\n\n<p>PUBLI\u00c9 EN 2013<\/p>\n\n\n\n<div class=\"wp-block-group alignwide is-vertical is-layout-flex wp-container-core-group-is-layout-8cf370e7 wp-block-group-is-layout-flex\"><div class=\"wp-block-image\">\n<figure class=\"aligncenter size-large is-resized\"><img loading=\"lazy\" decoding=\"async\" src=\"https:\/\/jean-pascal-vanhove.ovh\/wp-content\/uploads\/2023\/08\/Cahiers-tome-1-1-804x1024.jpg\" alt=\"\" class=\"wp-image-247\" style=\"width:393px;height:501px\" width=\"393\" height=\"501\" srcset=\"https:\/\/jean-pascal-vanhove.ovh\/wp-content\/uploads\/2023\/08\/Cahiers-tome-1-1-804x1024.jpg 804w, https:\/\/jean-pascal-vanhove.ovh\/wp-content\/uploads\/2023\/08\/Cahiers-tome-1-1-236x300.jpg 236w, https:\/\/jean-pascal-vanhove.ovh\/wp-content\/uploads\/2023\/08\/Cahiers-tome-1-1-768x978.jpg 768w, https:\/\/jean-pascal-vanhove.ovh\/wp-content\/uploads\/2023\/08\/Cahiers-tome-1-1-1207x1536.jpg 1207w, https:\/\/jean-pascal-vanhove.ovh\/wp-content\/uploads\/2023\/08\/Cahiers-tome-1-1.jpg 1268w\" sizes=\"auto, (max-width: 393px) 100vw, 393px\" \/><\/figure>\n<\/div>\n\n<div class=\"wp-block-image\">\n<figure class=\"aligncenter size-large is-resized\"><img loading=\"lazy\" decoding=\"async\" src=\"https:\/\/jean-pascal-vanhove.ovh\/wp-content\/uploads\/2023\/08\/Cahiers-tome-2-803x1024.jpg\" alt=\"\" class=\"wp-image-248\" style=\"width:392px;height:500px\" width=\"392\" height=\"500\" srcset=\"https:\/\/jean-pascal-vanhove.ovh\/wp-content\/uploads\/2023\/08\/Cahiers-tome-2-803x1024.jpg 803w, https:\/\/jean-pascal-vanhove.ovh\/wp-content\/uploads\/2023\/08\/Cahiers-tome-2-235x300.jpg 235w, https:\/\/jean-pascal-vanhove.ovh\/wp-content\/uploads\/2023\/08\/Cahiers-tome-2-768x979.jpg 768w, https:\/\/jean-pascal-vanhove.ovh\/wp-content\/uploads\/2023\/08\/Cahiers-tome-2-1205x1536.jpg 1205w, https:\/\/jean-pascal-vanhove.ovh\/wp-content\/uploads\/2023\/08\/Cahiers-tome-2.jpg 1266w\" sizes=\"auto, (max-width: 392px) 100vw, 392px\" \/><\/figure>\n<\/div><\/div>\n","protected":false},"excerpt":{"rendered":"<p>L\u2019abb\u00e9 Jules Lemire (1853-1928) est l\u2019une des figures politiques les plus originales de la Troisi\u00e8me R\u00e9publique. D\u00e9put\u00e9 du Nord de 1893 \u00e0 1928, maire d\u2019Hazebrouck de 1914 \u00e0 1928, ce pr\u00eatre d\u00e9mocrate fermement attach\u00e9 \u00e0 l\u2019id\u00e9e r\u00e9publicaine a \u0153uvr\u00e9 toute sa vie pour am\u00e9liorer la vie de la soci\u00e9t\u00e9 fran\u00e7aise. Ses id\u00e9es, toujours constructives, ont&hellip;&nbsp;<a href=\"https:\/\/jean-pascal-vanhove.ovh\/index.php\/abbe-jules-lemire-cahiers-1893-1928\/\" class=\"\" rel=\"bookmark\">Read More &raquo;<span class=\"screen-reader-text\">Abb\u00e9 Jules Lemire. Cahiers 1893-1928<\/span><\/a><\/p>\n","protected":false},"author":1,"featured_media":0,"parent":0,"menu_order":0,"comment_status":"closed","ping_status":"closed","template":"","meta":{"neve_meta_sidebar":"","neve_meta_container":"","neve_meta_enable_content_width":"","neve_meta_content_width":0,"neve_meta_title_alignment":"","neve_meta_author_avatar":"","neve_post_elements_order":"","neve_meta_disable_header":"","neve_meta_disable_footer":"","neve_meta_disable_title":"","footnotes":""},"class_list":["post-193","page","type-page","status-publish","hentry"],"_links":{"self":[{"href":"https:\/\/jean-pascal-vanhove.ovh\/index.php\/wp-json\/wp\/v2\/pages\/193","targetHints":{"allow":["GET"]}}],"collection":[{"href":"https:\/\/jean-pascal-vanhove.ovh\/index.php\/wp-json\/wp\/v2\/pages"}],"about":[{"href":"https:\/\/jean-pascal-vanhove.ovh\/index.php\/wp-json\/wp\/v2\/types\/page"}],"author":[{"embeddable":true,"href":"https:\/\/jean-pascal-vanhove.ovh\/index.php\/wp-json\/wp\/v2\/users\/1"}],"replies":[{"embeddable":true,"href":"https:\/\/jean-pascal-vanhove.ovh\/index.php\/wp-json\/wp\/v2\/comments?post=193"}],"version-history":[{"count":9,"href":"https:\/\/jean-pascal-vanhove.ovh\/index.php\/wp-json\/wp\/v2\/pages\/193\/revisions"}],"predecessor-version":[{"id":391,"href":"https:\/\/jean-pascal-vanhove.ovh\/index.php\/wp-json\/wp\/v2\/pages\/193\/revisions\/391"}],"wp:attachment":[{"href":"https:\/\/jean-pascal-vanhove.ovh\/index.php\/wp-json\/wp\/v2\/media?parent=193"}],"curies":[{"name":"wp","href":"https:\/\/api.w.org\/{rel}","templated":true}]}}